{"id":6487,"date":"2020-11-18T13:04:51","date_gmt":"2020-11-18T11:04:51","guid":{"rendered":"http:\/\/www.lagora-edhec.com\/?page_id=6487"},"modified":"2020-11-21T00:30:20","modified_gmt":"2020-11-20T22:30:20","slug":"lagoractu-semaine-du-16-11-2020","status":"publish","type":"page","link":"https:\/\/www.lagora-edhec.com\/?page_id=6487","title":{"rendered":"L&rsquo;agoractu semaine du 16\/11\/2020"},"content":{"rendered":"\n<h2 class=\"wp-block-heading\">Mais que se passe-t-il au Mali ?<\/h2>\n\n\n\n<p><br>Encore une bonne nouvelle nous arrivant tout droit du Mali cette semaine ! La France a annonc\u00e9 de nouveau la mort d\u2019une trentaine de djihadistes ce 13 novembre. Une annonce pouvant para\u00eetre comme un hommage sanglant bient\u00f4t 5 ans apr\u00e8s les attentats du 13 novembre, mais qui prouve au monde et aux Fran\u00e7ais que la France n&rsquo;est pas passive face \u00e0 la menace terroriste, notamment apr\u00e8s de nombreuses remises en cause suite aux attentats d&rsquo;octobre. Cette nouvelle intervient seulement trois jours apr\u00e8s que l\u2019arm\u00e9e fran\u00e7aise a abattu Bah Ag Moussa au Mali un haut responsable li\u00e9 \u00e0 Al-Qaida. <br><br><strong>Vous voulez en savoir plus ? <\/strong><br><a href=\"https:\/\/www.lagora-edhec.com\/?p=6492\">Cliquez ici<\/a> pour l&rsquo;int\u00e9gralit\u00e9 de l&rsquo;article.<br><a href=\"https:\/\/www.lagora-edhec.com\/?p=6379\">Cliquez ici<\/a> pour un retour sur la conf\u00e9rence avec l&rsquo;ancien patron du RAID.<\/p>\n\n\n\n<h2 class=\"wp-block-heading\">Une r\u00e9action de champions&#8230; du monde <\/h2>\n\n\n\n<p><br>Nombreux sont ceux qui commen\u00e7aient \u00e0 s\u2019inqui\u00e9ter voire \u00e0 d\u00e9sesp\u00e9rer en regardant les derniers matchs de l\u2019\u00c9quipe de France\u2026 Pourtant, force est de constater que les Bleus de Didier Deschamps ont fait taire les rageux et ont honor\u00e9 leur statut de champions de monde en s\u2019imposant 1-0 samedi soir face au Portugal de Cristiano Ronaldo. Seulement 3 jours apr\u00e8s leur d\u00e9faite en match amical face \u00e0 la Finlande (0-2), ils ont ainsi assur\u00e9 leur qualification pour le Final Four de la Ligue des Nations en octobre prochain : c\u2019est Vegedream qui va \u00eatre content ! <br><br><strong>Vous voulez en savoir plus ? <\/strong><br><a href=\"https:\/\/www.lagora-edhec.com\/?p=6502\">Cliquez ici<\/a> pour l&rsquo;int\u00e9gralit\u00e9 de l&rsquo;article.<\/p>\n","protected":false},"excerpt":{"rendered":"<p>Mais que se passe-t-il au Mali ? Encore une bonne nouvelle nous arrivant tout droit du Mali cette semaine ! La France a annonc\u00e9 de nouveau la mort d\u2019une trentaine de djihadistes ce 13 novembre. Une annonce pouvant para\u00eetre comme un hommage sanglant bient\u00f4t 5 ans apr\u00e8s les attentats du 13 novembre, mais qui prouve [&hellip;]<\/p>\n","protected":false},"author":1,"featured_media":0,"parent":0,"menu_order":0,"comment_status":"closed","ping_status":"closed","template":"","meta":{"footnotes":""},"class_list":["post-6487","page","type-page","status-publish","hentry"],"_links":{"self":[{"href":"https:\/\/www.lagora-edhec.com\/index.php?rest_route=\/wp\/v2\/pages\/6487","targetHints":{"allow":["GET"]}}],"collection":[{"href":"https:\/\/www.lagora-edhec.com\/index.php?rest_route=\/wp\/v2\/pages"}],"about":[{"href":"https:\/\/www.lagora-edhec.com\/index.php?rest_route=\/wp\/v2\/types\/page"}],"author":[{"embeddable":true,"href":"https:\/\/www.lagora-edhec.com\/index.php?rest_route=\/wp\/v2\/users\/1"}],"replies":[{"embeddable":true,"href":"https:\/\/www.lagora-edhec.com\/index.php?rest_route=%2Fwp%2Fv2%2Fcomments&post=6487"}],"version-history":[{"count":9,"href":"https:\/\/www.lagora-edhec.com\/index.php?rest_route=\/wp\/v2\/pages\/6487\/revisions"}],"predecessor-version":[{"id":6507,"href":"https:\/\/www.lagora-edhec.com\/index.php?rest_route=\/wp\/v2\/pages\/6487\/revisions\/6507"}],"wp:attachment":[{"href":"https:\/\/www.lagora-edhec.com\/index.php?rest_route=%2Fwp%2Fv2%2Fmedia&parent=6487"}],"curies":[{"name":"wp","href":"https:\/\/api.w.org\/{rel}","templated":true}]}}