{"id":5018,"date":"2015-02-25T15:16:02","date_gmt":"2015-02-25T13:16:02","guid":{"rendered":"http:\/\/www.lagora-edhec.com\/?page_id=5018"},"modified":"2021-07-01T10:55:24","modified_gmt":"2021-07-01T09:55:24","slug":"comment-assister-a-nos-conferences","status":"publish","type":"page","link":"https:\/\/www.lagora-edhec.com\/?page_id=5018","title":{"rendered":"O\u00f9 ont lieu nos conf\u00e9rences ?"},"content":{"rendered":"<div data-colibri-id=\"5018-c1\" class=\"style-1007 style-local-5018-c1 position-relative\">\n  <!---->\n  <div data-colibri-component=\"section\" data-colibri-id=\"5018-c2\" id=\"custom-2\" class=\"h-section h-section-global-spacing d-flex align-items-lg-center align-items-md-center align-items-center style-1481 style-local-5018-c2 position-relative\">\n    <!---->\n    <!---->\n    <div class=\"h-section-grid-container h-section-boxed-container\">\n      <!---->\n      <div data-colibri-id=\"5018-c3\" class=\"h-row-container gutters-row-lg-2 gutters-row-md-2 gutters-row-0 gutters-row-v-lg-2 gutters-row-v-md-2 gutters-row-v-2 style-1482 style-local-5018-c3 position-relative\">\n        <!---->\n        <div class=\"h-row justify-content-lg-center justify-content-md-center justify-content-center align-items-lg-stretch align-items-md-stretch align-items-stretch gutters-col-lg-2 gutters-col-md-2 gutters-col-0 gutters-col-v-lg-2 gutters-col-v-md-2 gutters-col-v-2\">\n          <!---->\n          <div class=\"h-column h-column-container d-flex h-col-lg-auto h-col-md-auto h-col-auto style-1483-outer style-local-5018-c4-outer\">\n            <div data-colibri-id=\"5018-c4\" class=\"d-flex h-flex-basis h-column__inner h-px-lg-2 h-px-md-2 h-px-2 v-inner-lg-2 v-inner-md-2 v-inner-2 style-1483 style-local-5018-c4 position-relative\">\n              <!---->\n              <!---->\n              <div class=\"w-100 h-y-container h-column__content h-column__v-align flex-basis-100 align-self-lg-start align-self-md-start align-self-start\">\n                <!---->\n                <div data-colibri-id=\"5018-c5\" class=\"h-text h-text-component style-1484 style-local-5018-c5 position-relative h-element\">\n                  <!---->\n                  <!---->\n                  <div class=\"\">\n                    <h4>Toutes nos conf\u00e9rences sont gratuites et libres d&rsquo;acc\u00e8s, elles sont tenues dans les locaux de l&rsquo;EDHEC Business School, \u00e0 Lille ou Nice.<\/h4>\n                  <\/div>\n                <\/div>\n              <\/div>\n            <\/div>\n          <\/div>\n        <\/div>\n      <\/div>\n    <\/div>\n  <\/div>\n  <div data-colibri-component=\"section\" data-colibri-id=\"5018-c6\" id=\"custom\" class=\"h-section h-section-global-spacing d-flex align-items-lg-center align-items-md-center align-items-center style-1477 style-local-5018-c6 position-relative\">\n    <!---->\n    <!---->\n    <div class=\"h-section-grid-container h-section-boxed-container\">\n      <!---->\n      <div data-colibri-id=\"5018-c7\" class=\"h-row-container gutters-row-lg-2 gutters-row-md-2 gutters-row-0 gutters-row-v-lg-2 gutters-row-v-md-2 gutters-row-v-2 style-1478 style-local-5018-c7 position-relative\">\n        <!---->\n        <div class=\"h-row justify-content-lg-center justify-content-md-center justify-content-center align-items-lg-stretch align-items-md-stretch align-items-stretch gutters-col-lg-2 gutters-col-md-2 gutters-col-0 gutters-col-v-lg-2 gutters-col-v-md-2 gutters-col-v-2\">\n          <!---->\n          <div class=\"h-column h-column-container d-flex h-col-lg-auto h-col-md-auto h-col-auto style-1479-outer style-local-5018-c8-outer\">\n            <div data-colibri-id=\"5018-c8\" class=\"d-flex h-flex-basis h-column__inner h-px-lg-2 h-px-md-2 h-px-2 v-inner-lg-2 v-inner-md-2 v-inner-2 style-1479 style-local-5018-c8 position-relative\">\n              <!---->\n              <!---->\n              <div class=\"w-100 h-y-container h-column__content h-column__v-align flex-basis-100 align-self-lg-start align-self-md-start align-self-start\">\n                <!---->\n                <div data-colibri-id=\"5018-c9\" class=\"h-text h-text-component style-1044 style-local-5018-c9 position-relative h-element\">\n                  <!---->\n                  <!---->\n                  <div class=\"\">\n                    <p><em style=\"font-size: 14.5pt; font-family: -webkit-standard, serif; color: black;\">Acc\u00e8s grand amphith\u00e9\u00e2tre de&nbsp;<\/em><strong style=\"font-size: 14.5pt; font-family: -webkit-standard, serif; color: black;\"><em>l&rsquo;EDHEC \u00e0 Lille<\/em><\/strong><\/p>\n                    <p><span style=\"font-size: 11pt; font-family: -webkit-standard, serif; color: black;\">EDHEC Business School | 24 Avenue Gustave Delory | 59057 Roubaix Cedex 1<\/span><\/p>\n                  <\/div>\n                <\/div>\n                <div data-colibri-id=\"5018-c10\" class=\"d-block style-1043 style-local-5018-c10 position-relative h-element\">\n                  <!---->\n                  <div class=\"h-image__frame-container-outer\">\n                    <div class=\"h-image__frame-container\">\n                      <!---->\n                      <!---->\n                      <img fetchpriority=\"high\" decoding=\"async\" width=\"1950\" height=\"650\" src=\"https:\/\/www.lagora-edhec.com\/wp-content\/uploads\/cropped-cropped-cropped-bandeau_campus_lille.jpg\" class=\"wp-image-9675 style-1043-image style-local-5018-c10-image\" alt=\"\" srcset=\"https:\/\/www.lagora-edhec.com\/wp-content\/uploads\/cropped-cropped-cropped-bandeau_campus_lille.jpg 1950w, https:\/\/www.lagora-edhec.com\/wp-content\/uploads\/cropped-cropped-cropped-bandeau_campus_lille-300x100.jpg 300w, https:\/\/www.lagora-edhec.com\/wp-content\/uploads\/cropped-cropped-cropped-bandeau_campus_lille-768x256.jpg 768w, https:\/\/www.lagora-edhec.com\/wp-content\/uploads\/cropped-cropped-cropped-bandeau_campus_lille-1536x512.jpg 1536w\" sizes=\"(max-width: 1950px) 100vw, 1950px\" \/>\n                      <div class=\"h-image__frame h-hide-lg h-hide-md h-hide-sm style-1043-frameImage style-local-5018-c10-frameImage\"><\/div>\n                    <\/div>\n                  <\/div>\n                <\/div>\n              <\/div>\n            <\/div>\n          <\/div>\n          <div class=\"h-column h-column-container d-flex h-col-lg-auto h-col-md-auto h-col-auto style-1480-outer style-local-5018-c11-outer\">\n            <div data-colibri-id=\"5018-c11\" class=\"d-flex h-flex-basis h-column__inner h-px-lg-2 h-px-md-2 h-px-2 v-inner-lg-2 v-inner-md-2 v-inner-2 style-1480 style-local-5018-c11 position-relative\">\n              <!---->\n              <!---->\n              <div class=\"w-100 h-y-container h-column__content h-column__v-align flex-basis-100 align-self-lg-start align-self-md-start align-self-start\">\n                <!---->\n                <div data-colibri-id=\"5018-c12\" class=\"h-text h-text-component style-1064 style-local-5018-c12 position-relative h-element\">\n                  <!---->\n                  <!---->\n                  <div class=\"\">\n                    <p><em style=\"font-size: 14.5pt; font-family: -webkit-standard, serif; color: black;\">Acc\u00e8s grand amphith\u00e9\u00e2tre de&nbsp;<\/em><strong style=\"font-size: 14.5pt; font-family: -webkit-standard, serif; color: black;\"><em>l&rsquo;EDHEC \u00e0 Nice<\/em><\/strong><\/p>\n                    <p><span style=\"font-size: 11pt; font-family: -webkit-standard, serif; color: black;\">EDHEC Business School | 393, Promenade des Anglais | 06200 Nice<\/span><\/p>\n                  <\/div>\n                <\/div>\n                <div data-colibri-id=\"5018-c13\" class=\"d-block style-1063 style-local-5018-c13 position-relative h-element\">\n                  <!---->\n                  <div class=\"h-image__frame-container-outer\">\n                    <div class=\"h-image__frame-container\">\n                      <!---->\n                      <!---->\n                      <img decoding=\"async\" width=\"990\" height=\"341\" src=\"https:\/\/www.lagora-edhec.com\/wp-content\/uploads\/cropped-cropped-campus-nice06-2.jpg\" class=\"wp-image-9679 style-1063-image style-local-5018-c13-image\" alt=\"\" srcset=\"https:\/\/www.lagora-edhec.com\/wp-content\/uploads\/cropped-cropped-campus-nice06-2.jpg 990w, https:\/\/www.lagora-edhec.com\/wp-content\/uploads\/cropped-cropped-campus-nice06-2-300x103.jpg 300w, https:\/\/www.lagora-edhec.com\/wp-content\/uploads\/cropped-cropped-campus-nice06-2-768x265.jpg 768w\" sizes=\"(max-width: 990px) 100vw, 990px\" \/>\n                      <div class=\"h-image__frame h-hide-lg h-hide-md h-hide-sm style-1063-frameImage style-local-5018-c13-frameImage\"><\/div>\n                    <\/div>\n                  <\/div>\n                <\/div>\n              <\/div>\n            <\/div>\n          <\/div>\n        <\/div>\n      <\/div>\n    <\/div>\n  <\/div>\n  <div data-colibri-component=\"section\" data-colibri-id=\"5018-c14\" id=\"reusable-sections\" class=\"h-section h-section-global-spacing d-flex align-items-lg-center align-items-md-center align-items-center style-1031 style-local-5018-c14 position-relative\">\n    <!---->\n    <!---->\n    <div class=\"h-section-grid-container h-section-boxed-container\">\n      <!---->\n      <div data-colibri-id=\"5018-c15\" class=\"h-row-container gutters-row-lg-2 gutters-row-md-2 gutters-row-0 gutters-row-v-lg-2 gutters-row-v-md-2 gutters-row-v-2 style-1032 style-local-5018-c15 position-relative\">\n        <!---->\n        <div class=\"h-row justify-content-lg-center justify-content-md-center justify-content-center align-items-lg-stretch align-items-md-stretch align-items-stretch gutters-col-lg-2 gutters-col-md-2 gutters-col-0 gutters-col-v-lg-2 gutters-col-v-md-2 gutters-col-v-2\">\n          <!---->\n          <div class=\"h-column h-column-container d-flex h-col-lg-auto h-col-md-auto h-col-auto style-1033-outer style-local-5018-c16-outer\">\n            <div data-colibri-id=\"5018-c16\" class=\"d-flex h-flex-basis h-column__inner h-px-lg-2 h-px-md-2 h-px-2 v-inner-lg-2 v-inner-md-2 v-inner-2 style-1033 style-local-5018-c16 position-relative\">\n              <!---->\n              <!---->\n              <div class=\"w-100 h-y-container h-column__content h-column__v-align flex-basis-100 align-self-lg-start align-self-md-start align-self-start\">\n                <!---->\n                <div data-colibri-id=\"5018-c17\" class=\"d-block style-1034 style-local-5018-c17 position-relative h-element\">\n                  <!---->\n                  <div class=\"h-image__frame-container-outer\">\n                    <div class=\"h-image__frame-container\">\n                      <!---->\n                      <!---->\n                      <img decoding=\"async\" width=\"3567\" height=\"1554\" src=\"https:\/\/www.lagora-edhec.com\/wp-content\/uploads\/cropped-logo_agora-2.png\" class=\"wp-image-7393 style-1034-image style-local-5018-c17-image\" alt=\"\" srcset=\"https:\/\/www.lagora-edhec.com\/wp-content\/uploads\/cropped-logo_agora-2.png 3567w, https:\/\/www.lagora-edhec.com\/wp-content\/uploads\/cropped-logo_agora-2-300x131.png 300w, https:\/\/www.lagora-edhec.com\/wp-content\/uploads\/cropped-logo_agora-2-768x335.png 768w, https:\/\/www.lagora-edhec.com\/wp-content\/uploads\/cropped-logo_agora-2-1536x669.png 1536w, https:\/\/www.lagora-edhec.com\/wp-content\/uploads\/cropped-logo_agora-2-2048x892.png 2048w\" sizes=\"(max-width: 3567px) 100vw, 3567px\" \/>\n                      <div class=\"h-image__frame h-hide-lg h-hide-md h-hide-sm style-1034-frameImage style-local-5018-c17-frameImage\"><\/div>\n                    <\/div>\n                  <\/div>\n                <\/div>\n              <\/div>\n            <\/div>\n          <\/div>\n          <div class=\"h-column h-column-container d-flex h-col-lg-auto h-col-md-auto h-col-auto style-1035-outer style-local-5018-c18-outer\">\n            <div data-colibri-id=\"5018-c18\" class=\"d-flex h-flex-basis h-column__inner h-px-lg-2 h-px-md-2 h-px-2 v-inner-lg-2 v-inner-md-2 v-inner-2 style-1035 style-local-5018-c18 position-relative\">\n              <!---->\n              <!---->\n              <div class=\"w-100 h-y-container h-column__content h-column__v-align flex-basis-100 align-self-lg-start align-self-md-start align-self-start\">\n                <!---->\n                <div data-colibri-id=\"5018-c19\" class=\"h-global-transition-all h-heading style-1036 style-local-5018-c19 position-relative h-element\">\n                  <!---->\n                  <div class=\"h-heading__outer style-1036 style-local-5018-c19\">\n                    <!---->\n                    <!---->\n                    <h5 class=\"\">Nous suivre :<\/h5>\n                  <\/div>\n                <\/div>\n                <div data-colibri-id=\"5018-c20\" class=\"style-1037 style-local-5018-c20 position-relative h-element\">\n                  <!---->\n                  <div class=\"d-flex flex-wrap h-social-icons justify-content-lg-center justify-content-md-center justify-content-center\">\n                    <div class=\"social-icon-container d-inline-flex\">\n                      <a href=\"https:\/\/www.facebook.com\/agora.edhec\/\" target=\"_blank\" h-use-smooth-scroll=\"true\" rel=\"noopener noreferrer\">\n                        <div class=\"icon-container h-social-icon h-global-transition\" style=\"fill: rgb(59, 89, 152);\">\n                          <div class=\"h-icon-svg\" style=\"width: 100%; height: 100%;\">\n                            <!--Icon by Font Awesome (https:\/\/fontawesome.com)-->\n                            <svg version=\"1.1\" xmlns=\"http:\/\/www.w3.org\/2000\/svg\" xmlns:xlink=\"http:\/\/www.w3.org\/1999\/xlink\" id=\"facebook-square\" viewBox=\"0 0 1536 1896.0833\">\n                              <path d=\"M1248 128q119 0 203.5 84.5T1536 416v960q0 119-84.5 203.5T1248 1664h-188v-595h199l30-232h-229V689q0-56 23.5-84t91.5-28l122-1V369q-63-9-178-9-136 0-217.5 80T820 666v171H620v232h200v595H288q-119 0-203.5-84.5T0 1376V416q0-119 84.5-203.5T288 128h960z\"><\/path>\n                            <\/svg>\n                          <\/div>\n                        <\/div>\n                      <\/a>\n                    <\/div>\n                    <div class=\"social-icon-container d-inline-flex\">\n                      <a href=\"https:\/\/twitter.com\/AgoraEdhec\" target=\"_blank\" h-use-smooth-scroll=\"true\" rel=\"noopener noreferrer\">\n                        <div class=\"icon-container h-social-icon h-global-transition\" style=\"fill: rgb(29, 161, 242);\">\n                          <div class=\"h-icon-svg\" style=\"width: 100%; height: 100%;\">\n                            <!--Icon by Font Awesome (https:\/\/fontawesome.com)-->\n                            <svg version=\"1.1\" xmlns=\"http:\/\/www.w3.org\/2000\/svg\" xmlns:xlink=\"http:\/\/www.w3.org\/1999\/xlink\" id=\"twitter-square\" viewBox=\"0 0 1536 1896.0833\">\n                              <path d=\"M1280 610q-56 25-121 34 68-40 93-117-65 38-134 51-61-66-153-66-87 0-148.5 61.5T755 722q0 29 5 48-129-7-242-65T326 550q-29 50-29 106 0 114 91 175-47-1-100-26v2q0 75 50 133.5t123 72.5q-29 8-51 8-13 0-39-4 21 63 74.5 104t121.5 42q-116 90-261 90-26 0-50-3 148 94 322 94 112 0 210-35.5t168-95 120.5-137 75-162T1176 746q0-18-1-27 63-45 105-109zm256-194v960q0 119-84.5 203.5T1248 1664H288q-119 0-203.5-84.5T0 1376V416q0-119 84.5-203.5T288 128h960q119 0 203.5 84.5T1536 416z\"><\/path>\n                            <\/svg>\n                          <\/div>\n                        <\/div>\n                      <\/a>\n                    <\/div>\n                    <div class=\"social-icon-container d-inline-flex\">\n                      <a href=\"https:\/\/www.youtube.com\/channel\/UCkHEKVJnvEViMGg0KVF-ghA\" target=\"_blank\" h-use-smooth-scroll=\"true\" rel=\"noopener noreferrer\">\n                        <div class=\"icon-container h-social-icon h-global-transition\" style=\"fill: rgb(255, 0, 0);\">\n                          <div class=\"h-icon-svg\" style=\"width: 100%; height: 100%;\">\n                            <!--Icon by Font Awesome (https:\/\/fontawesome.com)-->\n                            <svg version=\"1.1\" xmlns=\"http:\/\/www.w3.org\/2000\/svg\" xmlns:xlink=\"http:\/\/www.w3.org\/1999\/xlink\" id=\"youtube-square\" viewBox=\"0 0 1536 1896.0833\">\n                              <path d=\"M919 1303v-157q0-50-29-50-17 0-33 16v224q16 16 33 16 29 0 29-49zm184-122h66v-34q0-51-33-51t-33 51v34zM532 915v70h-80v423h-74V985h-78v-70h232zm201 126v367h-67v-40q-39 45-76 45-33 0-42-28-6-17-6-54v-290h66v270q0 24 1 26 1 15 15 15 20 0 42-31v-280h67zm252 111v146q0 52-7 73-12 42-53 42-35 0-68-41v36h-67V915h67v161q32-40 68-40 41 0 53 42 7 21 7 74zm251 129v9q0 29-2 43-3 22-15 40-27 40-80 40-52 0-81-38-21-27-21-86v-129q0-59 20-86 29-38 80-38t78 38q21 29 21 86v76h-133v65q0 51 34 51 24 0 30-26 0-1 .5-7t.5-16.5V1281h68zM785 457v156q0 51-32 51t-32-51V457q0-52 32-52t32 52zm533 713q0-177-19-260-10-44-43-73.5t-76-34.5q-136-15-412-15-275 0-411 15-44 5-76.5 34.5T238 910q-20 87-20 260 0 176 20 260 10 43 42.5 73t75.5 35q137 15 412 15t412-15q43-5 75.5-35t42.5-73q20-84 20-260zM563 519l90-296h-75l-51 195-53-195h-78q7 23 23 69l24 69q35 103 46 158v201h74V519zm289 81V470q0-58-21-87-29-38-78-38-51 0-78 38-21 29-21 87v130q0 58 21 87 27 38 78 38 49 0 78-38 21-27 21-87zm181 120h67V350h-67v283q-22 31-42 31-15 0-16-16-1-2-1-26V350h-67v293q0 37 6 55 11 27 43 27 36 0 77-45v40zm503-304v960q0 119-84.5 203.5T1248 1664H288q-119 0-203.5-84.5T0 1376V416q0-119 84.5-203.5T288 128h960q119 0 203.5 84.5T1536 416z\"><\/path>\n                            <\/svg>\n                          <\/div>\n                        <\/div>\n                      <\/a>\n                    <\/div>\n                    <div class=\"social-icon-container d-inline-flex\">\n                      <a href=\"https:\/\/www.instagram.com\/lagoraedhec\/\" target=\"_blank\" h-use-smooth-scroll=\"true\" rel=\"noopener noreferrer\">\n                        <div class=\"icon-container h-social-icon h-global-transition\" style=\"fill: rgb(195, 42, 163);\">\n                          <div class=\"h-icon-svg\" style=\"width: 100%; height: 100%;\">\n                            <!--Icon by Socicon (http:\/\/www.socicon.com)-->\n                            <svg version=\"1.1\" xmlns=\"http:\/\/www.w3.org\/2000\/svg\" viewBox=\"0 0 1500 1500\">\n\n                              <path d=\"M750 134.766c202.148 0 222.656 2.93 301.758 5.859 76.172 2.93 114.258 14.648 140.625 23.438 35.156 14.648 61.523 32.227 84.961 55.664 26.367 26.367 43.945 52.734 55.664 84.961 11.719 29.297 23.438 67.383 26.367 140.625 2.93 82.031 5.859 102.539 5.859 304.688s-2.93 222.656-5.859 301.758c-2.93 76.172-14.648 114.258-23.438 140.625-14.648 35.156-32.227 61.523-55.664 84.961-26.367 26.367-52.734 43.945-84.961 55.664-29.297 11.719-67.383 23.438-140.625 26.367-82.031 2.93-102.539 5.859-304.688 5.859s-222.656-2.93-301.758-5.859c-76.172-2.93-114.258-14.648-140.625-23.438-35.156-14.648-61.523-32.227-84.961-55.664-26.367-26.367-43.945-52.734-55.664-84.961-11.719-29.297-23.438-67.383-26.367-140.625-2.93-82.031-5.859-102.539-5.859-304.688s2.93-222.656 5.859-301.758c2.93-76.172 14.648-114.258 23.438-140.625 14.648-35.156 32.227-61.523 55.664-84.961 26.367-26.367 52.734-43.945 84.961-55.664 29.297-11.719 67.383-23.438 140.625-26.367 82.031-2.93 102.539-5.859 304.688-5.859M750 0c-205.078 0-228.516 2.93-307.617 5.859-82.031 2.93-137.695 14.648-181.641 32.227-49.805 20.508-93.75 46.875-134.766 87.891s-67.383 84.961-87.891 134.766c-17.578 46.875-29.297 99.609-32.227 181.641-2.93 79.102-5.859 102.539-5.859 307.617s2.93 228.516 5.859 307.617c2.93 82.031 14.648 137.695 32.227 181.641 20.508 49.805 46.875 93.75 87.891 134.766s84.961 67.383 134.766 87.891c46.875 17.578 99.609 29.297 181.641 32.227 79.102 2.93 102.539 5.859 307.617 5.859s228.516-2.93 307.617-5.859c82.031-2.93 137.695-14.648 181.641-32.227 49.805-20.508 93.75-46.875 134.766-87.891s67.383-84.961 87.891-134.766c17.578-46.875 29.297-99.609 32.227-181.641 2.93-79.102 5.859-102.539 5.859-307.617s-2.93-228.516-5.859-307.617c-2.93-82.031-14.648-137.695-32.227-181.641-20.508-49.805-46.875-93.75-87.891-134.766s-84.961-67.383-134.766-87.891c-46.875-17.578-99.609-29.297-181.641-32.227-79.102-2.93-102.539-5.859-307.617-5.859zM750 363.281c-213.867 0-386.719 172.852-386.719 386.719s172.852 386.719 386.719 386.719c213.867 0 386.719-172.852 386.719-386.719s-172.852-386.719-386.719-386.719zM750 1001.953c-137.695 0-251.953-114.258-251.953-251.953s114.258-251.953 251.953-251.953c137.695 0 251.953 114.258 251.953 251.953s-114.258 251.953-251.953 251.953zM1239.258 348.633c0 49.805-38.086 90.82-87.891 90.82s-90.82-41.016-90.82-90.82c0-49.805 41.016-87.891 90.82-87.891s87.891 38.086 87.891 87.891z\"><\/path>\n                            <\/svg>\n                          <\/div>\n                        <\/div>\n                      <\/a>\n                    <\/div>\n                    <div class=\"social-icon-container d-inline-flex\">\n                      <a href=\"https:\/\/www.linkedin.com\/company\/l'agora---tribune-%C3%A9tudiante-de-l'edhec\/\" h-use-smooth-scroll=\"true\">\n                        <div class=\"icon-container h-social-icon h-global-transition\" style=\"fill: rgb(0, 119, 181);\">\n                          <div class=\"h-icon-svg\" style=\"width: 100%; height: 100%;\">\n                            <!--Icon by Socicon (http:\/\/www.socicon.com)-->\n                            <svg version=\"1.1\" xmlns=\"http:\/\/www.w3.org\/2000\/svg\" viewBox=\"0 0 1500 1500\">\n\n                              <path d=\"M1122.070 767.578c-20.508-23.438-55.664-35.156-105.469-35.156-64.453 0-108.398 20.508-134.766 55.664-26.367 38.086-38.086 90.82-38.086 158.203v512.695c0 8.789-2.93 17.578-11.719 26.367-5.859 5.859-17.578 11.719-26.367 11.719h-269.531c-8.789 0-17.578-5.859-26.367-11.719-5.859-8.789-11.719-17.578-11.719-26.367v-946.289c0-8.789 5.859-17.578 11.719-26.367 8.789-5.859 17.578-11.719 26.367-11.719h260.742c8.789 0 17.578 2.93 23.438 5.859s8.789 11.719 11.719 20.508c0 8.789 2.93 17.578 2.93 20.508s0 11.719 0 23.438c67.383-64.453 158.203-93.75 266.602-93.75 125.977 0 222.656 29.297 292.969 90.82 70.313 64.453 105.469 155.273 105.469 278.32v638.672c0 8.789-2.93 17.578-11.719 26.367-5.859 5.859-17.578 11.719-26.367 11.719h-275.391c-8.789 0-17.578-5.859-26.367-11.719-5.859-8.789-11.719-17.578-11.719-26.367v-577.148c0-49.805-8.789-87.891-26.367-114.258zM310.547 313.477c-35.156 35.156-79.102 52.734-128.906 52.734s-93.75-17.578-128.906-52.734c-35.156-35.156-52.734-76.172-52.734-128.906 0-49.805 17.578-90.82 52.734-125.977s79.102-55.664 128.906-55.664c49.805 0 93.75 20.508 128.906 55.664s52.734 76.172 52.734 125.977c0 52.734-17.578 93.75-52.734 128.906zM354.492 512.695v946.289c0 8.789-5.859 17.578-11.719 26.367-8.789 5.859-17.578 11.719-26.367 11.719h-269.531c-8.789 0-17.578-5.859-26.367-11.719-5.859-8.789-11.719-17.578-11.719-26.367v-946.289c0-8.789 5.859-17.578 11.719-26.367 8.789-5.859 17.578-11.719 26.367-11.719h269.531c8.789 0 17.578 5.859 26.367 11.719 5.859 8.789 11.719 17.578 11.719 26.367z\"><\/path>\n                            <\/svg>\n                          <\/div>\n                        <\/div>\n                      <\/a>\n                    <\/div>\n                  <\/div>\n                <\/div>\n              <\/div>\n            <\/div>\n          <\/div>\n        <\/div>\n      <\/div>\n    <\/div>\n  <\/div>\n<\/div>","protected":false},"excerpt":{"rendered":"<p>Toutes nos conf\u00e9rences sont gratuites et libres d&rsquo;acc\u00e8s, elles sont tenues dans les locaux de l&rsquo;EDHEC Business School, \u00e0 Lille ou Nice. Acc\u00e8s grand amphith\u00e9\u00e2tre de&nbsp;l&rsquo;EDHEC \u00e0 Lille EDHEC Business School | 24 Avenue Gustave Delory | 59057 Roubaix Cedex 1 Acc\u00e8s grand amphith\u00e9\u00e2tre de&nbsp;l&rsquo;EDHEC \u00e0 Nice EDHEC Business School | 393, Promenade des Anglais [&hellip;]<\/p>\n","protected":false},"author":1,"featured_media":0,"parent":0,"menu_order":0,"comment_status":"closed","ping_status":"closed","template":"page-templates\/full-width-page.php","meta":{"footnotes":""},"class_list":["post-5018","page","type-page","status-publish","hentry"],"_links":{"self":[{"href":"https:\/\/www.lagora-edhec.com\/index.php?rest_route=\/wp\/v2\/pages\/5018","targetHints":{"allow":["GET"]}}],"collection":[{"href":"https:\/\/www.lagora-edhec.com\/index.php?rest_route=\/wp\/v2\/pages"}],"about":[{"href":"https:\/\/www.lagora-edhec.com\/index.php?rest_route=\/wp\/v2\/types\/page"}],"author":[{"embeddable":true,"href":"https:\/\/www.lagora-edhec.com\/index.php?rest_route=\/wp\/v2\/users\/1"}],"replies":[{"embeddable":true,"href":"https:\/\/www.lagora-edhec.com\/index.php?rest_route=%2Fwp%2Fv2%2Fcomments&post=5018"}],"version-history":[{"count":20,"href":"https:\/\/www.lagora-edhec.com\/index.php?rest_route=\/wp\/v2\/pages\/5018\/revisions"}],"predecessor-version":[{"id":9810,"href":"https:\/\/www.lagora-edhec.com\/index.php?rest_route=\/wp\/v2\/pages\/5018\/revisions\/9810"}],"wp:attachment":[{"href":"https:\/\/www.lagora-edhec.com\/index.php?rest_route=%2Fwp%2Fv2%2Fmedia&parent=5018"}],"curies":[{"name":"wp","href":"https:\/\/api.w.org\/{rel}","templated":true}]}}