{"id":4353,"date":"2013-08-13T11:42:18","date_gmt":"2013-08-13T09:42:18","guid":{"rendered":"http:\/\/www.lagora-edhec.com\/?page_id=4353"},"modified":"2020-11-23T22:21:41","modified_gmt":"2020-11-23T20:21:41","slug":"nos-anciennes-conferences","status":"publish","type":"page","link":"https:\/\/www.lagora-edhec.com\/?page_id=4353","title":{"rendered":"Nos anciennes conf\u00e9rences"},"content":{"rendered":"<p><a href=\"https:\/\/www.lagora-edhec.com\/?page_id=5369\">Nos conf\u00e9rences 2016-2017<\/a><br \/>\n<a href=\"https:\/\/www.lagora-edhec.com\/?page_id=5250\">Nos conf\u00e9rences 2015-2016<\/a><br \/>\n<a href=\"https:\/\/www.lagora-edhec.com\/?page_id=4940\">Nos conf\u00e9rences 2014-2015<\/a><br \/>\n<a href=\"https:\/\/www.lagora-edhec.com\/?page_id=4475\">Nos conf\u00e9rences 2013-2014<\/a><br \/>\n<a href=\"https:\/\/www.lagora-edhec.com\/?page_id=3934\">Nos conf\u00e9rences 2012-2013<\/a><br \/>\n<a href=\"https:\/\/www.lagora-edhec.com\/?page_id=4196\">Nos conf\u00e9rences 2011-2012<\/a><br \/>\n<a href=\"https:\/\/www.lagora-edhec.com\/?page_id=4213\">Nos conf\u00e9rences 2010-2011<\/a><br \/>\n<a href=\"https:\/\/www.lagora-edhec.com\/?page_id=4240\">Nos conf\u00e9rences 2009-2010<\/a><br \/>\n<a href=\"https:\/\/www.lagora-edhec.com\/?page_id=4258\">Nos conf\u00e9rences 2008-2009<\/a><br \/>\n<a href=\"https:\/\/www.lagora-edhec.com\/?page_id=4280\">Nos conf\u00e9rences 2007-2008<\/a><br \/>\n<a href=\"https:\/\/www.lagora-edhec.com\/?page_id=4291\">Nos conf\u00e9rences 2006-2007<\/a><br \/>\n<a href=\"https:\/\/www.lagora-edhec.com\/?page_id=4311\">Nos conf\u00e9rences 2005-2006<\/a><br \/>\n<a href=\"https:\/\/www.lagora-edhec.com\/?page_id=4324\">Nos conf\u00e9rences 2004-2005<\/a><br \/>\n<a href=\"https:\/\/www.lagora-edhec.com\/?page_id=4336\">Nos conf\u00e9rences 2003-2004<\/a><br \/>\n<a href=\"https:\/\/www.lagora-edhec.com\/?page_id=4345\">Nos conf\u00e9rences 2002-2003<\/a><\/p>\n","protected":false},"excerpt":{"rendered":"<p>Nos conf\u00e9rences 2016-2017 Nos conf\u00e9rences 2015-2016 Nos conf\u00e9rences 2014-2015 Nos conf\u00e9rences 2013-2014 Nos conf\u00e9rences 2012-2013 Nos conf\u00e9rences 2011-2012 Nos conf\u00e9rences 2010-2011 Nos conf\u00e9rences 2009-2010 Nos conf\u00e9rences 2008-2009 Nos conf\u00e9rences 2007-2008 Nos conf\u00e9rences 2006-2007 Nos conf\u00e9rences 2005-2006 Nos conf\u00e9rences 2004-2005 Nos conf\u00e9rences 2003-2004 Nos conf\u00e9rences 2002-2003<\/p>\n","protected":false},"author":1,"featured_media":0,"parent":4026,"menu_order":102,"comment_status":"closed","ping_status":"closed","template":"","meta":{"footnotes":""},"class_list":["post-4353","page","type-page","status-publish","hentry"],"_links":{"self":[{"href":"https:\/\/www.lagora-edhec.com\/index.php?rest_route=\/wp\/v2\/pages\/4353","targetHints":{"allow":["GET"]}}],"collection":[{"href":"https:\/\/www.lagora-edhec.com\/index.php?rest_route=\/wp\/v2\/pages"}],"about":[{"href":"https:\/\/www.lagora-edhec.com\/index.php?rest_route=\/wp\/v2\/types\/page"}],"author":[{"embeddable":true,"href":"https:\/\/www.lagora-edhec.com\/index.php?rest_route=\/wp\/v2\/users\/1"}],"replies":[{"embeddable":true,"href":"https:\/\/www.lagora-edhec.com\/index.php?rest_route=%2Fwp%2Fv2%2Fcomments&post=4353"}],"version-history":[{"count":6,"href":"https:\/\/www.lagora-edhec.com\/index.php?rest_route=\/wp\/v2\/pages\/4353\/revisions"}],"predecessor-version":[{"id":6530,"href":"https:\/\/www.lagora-edhec.com\/index.php?rest_route=\/wp\/v2\/pages\/4353\/revisions\/6530"}],"up":[{"embeddable":true,"href":"https:\/\/www.lagora-edhec.com\/index.php?rest_route=\/wp\/v2\/pages\/4026"}],"wp:attachment":[{"href":"https:\/\/www.lagora-edhec.com\/index.php?rest_route=%2Fwp%2Fv2%2Fmedia&parent=4353"}],"curies":[{"name":"wp","href":"https:\/\/api.w.org\/{rel}","templated":true}]}}